{"id":1684,"date":"2022-04-12T16:15:37","date_gmt":"2022-04-12T16:15:37","guid":{"rendered":"https:\/\/www.onneralaundryacademy.com\/politique-de-confidentialite\/"},"modified":"2022-04-12T16:15:38","modified_gmt":"2022-04-12T16:15:38","slug":"politique-de-confidentialite","status":"publish","type":"page","link":"https:\/\/www.onneralaundryacademy.com\/fr\/politique-de-confidentialite\/","title":{"rendered":"Politique de confidentialit\u00e9"},"content":{"rendered":"<p>[et_pb_section fb_built=\u00a0\u00bb1&Prime; _builder_version=\u00a0\u00bb4.15&Prime; global_colors_info=\u00a0\u00bb{}\u00a0\u00bb][et_pb_row _builder_version=\u00a0\u00bb4.15&Prime; _module_preset=\u00a0\u00bbdefault\u00a0\u00bb min_height=\u00a0\u00bb263.8px\u00a0\u00bb global_colors_info=\u00a0\u00bb{}\u00a0\u00bb][et_pb_column type=\u00a0\u00bb4_4&Prime; _builder_version=\u00a0\u00bb4.15&Prime; _module_preset=\u00a0\u00bbdefault\u00a0\u00bb global_colors_info=\u00a0\u00bb{}\u00a0\u00bb][et_pb_text _builder_version=\u00a0\u00bb4.15.1&Prime; _module_preset=\u00a0\u00bbdefault\u00a0\u00bb custom_margin=\u00a0\u00bb||52px|||\u00a0\u00bb global_colors_info=\u00a0\u00bb{}\u00a0\u00bb]<\/p>\n<h1><strong>Politique de confidentialit\u00e9<\/strong><\/h1>\n<p>&nbsp;<\/p>\n<p>En cumplimiento con la normativa vigente en materia de protecci\u00f3n de datos de car\u00e1cter personal ponemos en su conocimiento la siguiente informaci\u00f3n:<\/p>\n<p><strong>Informaci\u00f3n b\u00e1sica<\/strong><\/p>\n<p>Responsable Onnera Laundry Barcelona, S.A.<br \/>Finalidad Gestionar el env\u00edo de informaci\u00f3n y prospecci\u00f3n comercial<br \/>Legitimaci\u00f3n Consentimiento del interesado<br \/>Destinatarios No se ceder\u00e1n datos a terceros<br \/>Derechos Acceder, rectificar, cancela y oponerse al tratamiento de los datos<\/p>\n<p><strong>Informaci\u00f3n Adicional<\/strong><\/p>\n<p>Responsable: Se informa que el responsable del fichero es la mercantil Onnera Laundry Barcelona, S.A., sociedad domiciliada en Calle Comer\u00e7, 6-12, 08504-Sant Juli\u00e0 de Vilatorta, Barcelona, y NIF A08255374.<\/p>\n<p>Podr\u00e1 ponerse en contacto con nosotros dirigi\u00e9ndose al correo electr\u00f3nico: <a href=\"mailto:info@onneralaundrybcn.com\">info@onneralaundrybcn.com<\/a><\/p>\n<p>Finalidad: Los datos que seguidamente se relacionan ser\u00e1n recabados con la finalidad de gestionar el env\u00edo de informaci\u00f3n y prospecci\u00f3n comercial. En caso de que no obtengamos su consentimiento o el mismo sea retirado en un futuro, no podremos enviarle comunicaciones comerciales sobre nuestros productos.<\/p>\n<p>Legitimaci\u00f3n: los datos de car\u00e1cter personal ser\u00e1n tratados con su consentimiento, y en ello se basa el tratamiento aqu\u00ed realizado.<\/p>\n<p>Destinatarios: no se ceder\u00e1n sus datos de car\u00e1cter personal a terceros ajenos al responsable.<\/p>\n<p>Asimismo, no se realizar\u00e1n transferencias internacionales de datos a terceros fuera de la Uni\u00f3n Europea.<br \/>Los terceros que en el marco de una prestaci\u00f3n de servicios a Onnera Laundry Barcelona, S.A. pudieran tener acceso a los datos de car\u00e1cter personal, han suscrito los correspondientes contratos de prestaci\u00f3n de servicios y aseguran el cumplimiento de la normativa en materia de protecci\u00f3n de datos.<\/p>\n<p>Categor\u00edas de datos: los datos de car\u00e1cter personal que recabaremos son los siguientes datos identificativos:<\/p>\n<p>Nombre y apellidos<br \/>Professionnel<br \/>Direcci\u00f3n<br \/>Email y tel\u00e9fono de contacto.<\/p>\n<p>Los datos recabados son necesarios para la correcta gesti\u00f3n de las actividades comerciales.<\/p>\n<p>Plazo de conservaci\u00f3n: Los datos ser\u00e1n conservados en tanto se mantengan las relaciones comerciales entre Ud. y Onnera Laundry Barcelona, S.A., y siempre que no retire su consentimiento.<br \/>Tras la finalizaci\u00f3n de las relaciones comerciales o la retirada del consentimiento, los datos podr\u00e1n ser conservados debidamente bloqueados para la atenci\u00f3n de reclamaciones judiciales, administrativas o fiscales, durante los plazos que resulten de la legislaci\u00f3n aplicable.<\/p>\n<p>Derechos: Sin perjuicio de lo anterior, Ud. tiene derecho a solicitar a Onnera Laundry Barcelona, S.A. el acceso a los datos personales, su rectificaci\u00f3n o supresi\u00f3n, o la limitaci\u00f3n de su tratamiento, o a oponerse al mismo, as\u00ed como el derecho a la portabilidad de los datos. Asimismo, tienen el derecho a retirar el consentimiento en todo momento.<\/p>\n<p>Podr\u00e1n ejercitar los derechos anteriormente citados mediante comunicaci\u00f3n dirigida al correo electr\u00f3nico info@onneralaundrybcn.com, indicando su nombre y apellidos, empresa y mostrando su voluntad de no recibir comunicaciones en adelante.<\/p>\n<p>En caso de que considerara que Onnera Laundry Barcelona, S.A. est\u00e1 incumpliendo la normativa, Ud. tiene derecho a presentar una reclamaci\u00f3n frente a la autoridad competente.<\/p>\n<p>Medidas de seguridad: Onnera Laundry Barcelona, S.A. adopta las medidas t\u00e9cnicas y organizativas necesarias para evitar la p\u00e9rdida, mal uso, alteraci\u00f3n, acceso no autorizado y robo de los datos personales facilitados, habida cuenta del estado de la tecnolog\u00eda, los costes de aplicaci\u00f3n, la naturaleza, el alcance, el contexto y el fin del tratamiento, as\u00ed como los riesgos de probabilidad y gravedad variables para sus derechos y libertades.<\/p>\n<p>En todo caso, las medidas de seguridad aplicadas por Onnera Laundry Barcelona, S.A. garantizan e incluyen:<\/p>\n<ul>\n<li>la capacidad de garantizar la confidencialidad, integridad, disponibilidad y resiliencia permanentes de los sistemas y servicios de tratamiento;<\/li>\n<li>la capacidad de restaurar la disponibilidad y el acceso a los datos personales de forma r\u00e1pida en caso de incidente f\u00edsico o t\u00e9cnico;<\/li>\n<li>un proceso de verificaci\u00f3n, evaluaci\u00f3n y valoraci\u00f3n regulares de la eficacia de las medidas t\u00e9cnicas y organizativas para garantizar la seguridad del tratamiento.<\/li>\n<\/ul>\n<p>[\/et_pb_text][\/et_pb_column][\/et_pb_row][\/et_pb_section]<\/p>\n","protected":false},"excerpt":{"rendered":"<p>Politique de confidentialit\u00e9 &nbsp; En cumplimiento con la normativa vigente en materia de protecci\u00f3n de datos de car\u00e1cter personal ponemos en su conocimiento la siguiente informaci\u00f3n: Informaci\u00f3n b\u00e1sica Responsable Onnera Laundry Barcelona, S.A.Finalidad Gestionar el env\u00edo de informaci\u00f3n y prospecci\u00f3n comercialLegitimaci\u00f3n Consentimiento del interesadoDestinatarios No se ceder\u00e1n datos a tercerosDerechos Acceder, rectificar, cancela y oponerse [&hellip;]<\/p>\n","protected":false},"author":19,"featured_media":0,"parent":0,"menu_order":100,"comment_status":"closed","ping_status":"closed","template":"","meta":{"_acf_changed":false,"_et_pb_use_builder":"on","_et_pb_old_content":"","_et_gb_content_width":"","inline_featured_image":false,"footnotes":""},"class_list":["post-1684","page","type-page","status-publish","hentry"],"acf":[],"_links":{"self":[{"href":"https:\/\/www.onneralaundryacademy.com\/fr\/wp-json\/wp\/v2\/pages\/1684","targetHints":{"allow":["GET"]}}],"collection":[{"href":"https:\/\/www.onneralaundryacademy.com\/fr\/wp-json\/wp\/v2\/pages"}],"about":[{"href":"https:\/\/www.onneralaundryacademy.com\/fr\/wp-json\/wp\/v2\/types\/page"}],"author":[{"embeddable":true,"href":"https:\/\/www.onneralaundryacademy.com\/fr\/wp-json\/wp\/v2\/users\/19"}],"replies":[{"embeddable":true,"href":"https:\/\/www.onneralaundryacademy.com\/fr\/wp-json\/wp\/v2\/comments?post=1684"}],"version-history":[{"count":2,"href":"https:\/\/www.onneralaundryacademy.com\/fr\/wp-json\/wp\/v2\/pages\/1684\/revisions"}],"predecessor-version":[{"id":1686,"href":"https:\/\/www.onneralaundryacademy.com\/fr\/wp-json\/wp\/v2\/pages\/1684\/revisions\/1686"}],"wp:attachment":[{"href":"https:\/\/www.onneralaundryacademy.com\/fr\/wp-json\/wp\/v2\/media?parent=1684"}],"curies":[{"name":"wp","href":"https:\/\/api.w.org\/{rel}","templated":true}]}}