{"id":1675,"date":"2022-04-12T16:12:24","date_gmt":"2022-04-12T16:12:24","guid":{"rendered":"https:\/\/www.onneralaundryacademy.com\/aviso-legal\/"},"modified":"2022-04-12T16:13:10","modified_gmt":"2022-04-12T16:13:10","slug":"aviso-legal","status":"publish","type":"page","link":"https:\/\/www.onneralaundryacademy.com\/fr\/aviso-legal\/","title":{"rendered":"Avis juridique"},"content":{"rendered":"<p>[et_pb_section fb_built=\u00a0\u00bb1&Prime; _builder_version=\u00a0\u00bb4.15&Prime; global_colors_info=\u00a0\u00bb{}\u00a0\u00bb][et_pb_row _builder_version=\u00a0\u00bb4.15&Prime; _module_preset=\u00a0\u00bbdefault\u00a0\u00bb min_height=\u00a0\u00bb263.8px\u00a0\u00bb global_colors_info=\u00a0\u00bb{}\u00a0\u00bb][et_pb_column type=\u00a0\u00bb4_4&Prime; _builder_version=\u00a0\u00bb4.15&Prime; _module_preset=\u00a0\u00bbdefault\u00a0\u00bb global_colors_info=\u00a0\u00bb{}\u00a0\u00bb][et_pb_text _builder_version=\u00a0\u00bb4.15.1&Prime; _module_preset=\u00a0\u00bbdefault\u00a0\u00bb custom_margin=\u00a0\u00bb||52px|||\u00a0\u00bb global_colors_info=\u00a0\u00bb{}\u00a0\u00bb]<\/p>\n<h1><strong>Avis juridique<\/strong><\/h1>\n<p>&nbsp;<\/p>\n<p>AUTORIZACI\u00d3N DE TRATAMIENTO DE DATOS ONNERA LAUNDRY BARCELONA S.A., le informa de la existencia de un fichero de datos de car\u00e1cter personal al que se incorporar\u00e1n los datos de las personas o empresas que subscriben este documento, conjuntamente con los datos que han facilitado con motivo de otros contratos, relaciones o comunicaciones, as\u00ed como las que procedan de registros p\u00fablicos u otras fuentes legalmente admitidas, y las que se deriven del tratamiento automatizado o no de todos estos datos.<\/p>\n<p>El responsable de este fichero es: ONNERA LAUNDRY BARCELONA S.A.. \u2013 NIF: A-08255374 \u2013 C\/Comer\u00e7 6-12 Pol. Ind. La Quintana \u2013 08504, Sant Julia de Vilatorta \u2013 Tel: (+34) 93 812 27 90 \u2013 E-mail: info@onneralaundrybcn.com<br \/>La finalidad de este fichero es permitir a ONNERA LAUNDRY BARCELONA S.A. el uso interno, de los datos para la gesti\u00f3n esmerada de la tarea para la cual se subscribe este documento. ONNERA LAUNDRY BARCELONA S.A., as\u00ed como el\/las empresa\/s destinataria\/s de cualquiera de los formularios contenidos en esta p\u00e1gina web quedan autorizadas a conservar los datos de los interesados, incluso en el supuesto de que la prestaci\u00f3n del servicio solicitado no llegara a realizarse, con el fin de poder enviarles informaci\u00f3n publicitaria y ofertas comerciales de ONNERA LAUNDRY BARCELONA S.A. y empresas afiliadas.<\/p>\n<p>Las se\u00f1as personales que se han incorporado al fichero est\u00e1n protegidas con los medios y los sistemas t\u00e9cnicos necesarios para poder preservar la confidencialidad y evitar la p\u00e9rdida, la alteraci\u00f3n o el acceso no autorizado, a los niveles de seguridad que legalmente se requieran.<\/p>\n<p>Todos los datos solicitados en el documento de captaci\u00f3n, son necesarios para poder llevar a cabo la tarea encomendada pudiendo llegar, en caso de ser incompletas, a impedir la correcta realizaci\u00f3n.<\/p>\n<p>El interesado puede ejercer los derechos de acceso a sus se\u00f1as personales, a obtener informaci\u00f3n, a rectificarlas y a oponerse que estas se cedan en los t\u00e9rminos establecidos. Para ejercer estos derechos el interesado se podr\u00e1 dirigir a ONNERA LAUNDRY BARCELONA S.A.., al domicilio anteriormente mencionado.<\/p>\n<p>[\/et_pb_text][\/et_pb_column][\/et_pb_row][\/et_pb_section]<\/p>\n","protected":false},"excerpt":{"rendered":"<p>Avis juridique &nbsp; AUTORIZACI\u00d3N DE TRATAMIENTO DE DATOS ONNERA LAUNDRY BARCELONA S.A., le informa de la existencia de un fichero de datos de car\u00e1cter personal al que se incorporar\u00e1n los datos de las personas o empresas que subscriben este documento, conjuntamente con los datos que han facilitado con motivo de otros contratos, relaciones o comunicaciones, [&hellip;]<\/p>\n","protected":false},"author":19,"featured_media":0,"parent":0,"menu_order":100,"comment_status":"closed","ping_status":"closed","template":"","meta":{"_acf_changed":false,"_et_pb_use_builder":"on","_et_pb_old_content":"","_et_gb_content_width":"","inline_featured_image":false,"footnotes":""},"class_list":["post-1675","page","type-page","status-publish","hentry"],"acf":[],"_links":{"self":[{"href":"https:\/\/www.onneralaundryacademy.com\/fr\/wp-json\/wp\/v2\/pages\/1675","targetHints":{"allow":["GET"]}}],"collection":[{"href":"https:\/\/www.onneralaundryacademy.com\/fr\/wp-json\/wp\/v2\/pages"}],"about":[{"href":"https:\/\/www.onneralaundryacademy.com\/fr\/wp-json\/wp\/v2\/types\/page"}],"author":[{"embeddable":true,"href":"https:\/\/www.onneralaundryacademy.com\/fr\/wp-json\/wp\/v2\/users\/19"}],"replies":[{"embeddable":true,"href":"https:\/\/www.onneralaundryacademy.com\/fr\/wp-json\/wp\/v2\/comments?post=1675"}],"version-history":[{"count":5,"href":"https:\/\/www.onneralaundryacademy.com\/fr\/wp-json\/wp\/v2\/pages\/1675\/revisions"}],"predecessor-version":[{"id":1680,"href":"https:\/\/www.onneralaundryacademy.com\/fr\/wp-json\/wp\/v2\/pages\/1675\/revisions\/1680"}],"wp:attachment":[{"href":"https:\/\/www.onneralaundryacademy.com\/fr\/wp-json\/wp\/v2\/media?parent=1675"}],"curies":[{"name":"wp","href":"https:\/\/api.w.org\/{rel}","templated":true}]}}