{"id":1567,"date":"2022-04-08T11:30:55","date_gmt":"2022-04-08T11:30:55","guid":{"rendered":"https:\/\/www.onneralaundryacademy.com\/commencement\/"},"modified":"2022-05-11T08:15:26","modified_gmt":"2022-05-11T08:15:26","slug":"commencement","status":"publish","type":"page","link":"https:\/\/www.onneralaundryacademy.com\/fr\/","title":{"rendered":"Commencement"},"content":{"rendered":"<p>[et_pb_section fb_built=\u00a0\u00bb1&Prime; _builder_version=\u00a0\u00bb4.16&Prime; global_colors_info=\u00a0\u00bb{}\u00a0\u00bb][et_pb_row _builder_version=\u00a0\u00bb4.17.0&Prime; _module_preset=\u00a0\u00bbdefault\u00a0\u00bb custom_margin=\u00a0\u00bb||60px||false|false\u00a0\u00bb custom_margin_tablet=\u00a0\u00bb||0px||false|false\u00a0\u00bb custom_margin_phone=\u00a0\u00bb||0px||false|false\u00a0\u00bb custom_margin_last_edited=\u00a0\u00bbon|tablet\u00a0\u00bb global_colors_info=\u00a0\u00bb{}\u00a0\u00bb][et_pb_column type=\u00a0\u00bb4_4&Prime; _builder_version=\u00a0\u00bb4.16&Prime; _module_preset=\u00a0\u00bbdefault\u00a0\u00bb global_colors_info=\u00a0\u00bb{}\u00a0\u00bb][revslider_divi revslider_divi=\u00a0\u00bb%91rev_slider alias=%22inicio-es-1%22 slidertitle=%22Inicio FR%22%93%91\/rev_slider%93&Prime; _builder_version=\u00a0\u00bb4.17.3&Prime; _module_preset=\u00a0\u00bbdefault\u00a0\u00bb global_colors_info=\u00a0\u00bb{}\u00a0\u00bb][\/revslider_divi][\/et_pb_column][\/et_pb_row][et_pb_row _builder_version=\u00a0\u00bb4.17.0&Prime; _module_preset=\u00a0\u00bbdefault\u00a0\u00bb min_height=\u00a0\u00bb263.8px\u00a0\u00bb global_colors_info=\u00a0\u00bb{}\u00a0\u00bb][et_pb_column type=\u00a0\u00bb4_4&Prime; _builder_version=\u00a0\u00bb4.16&Prime; _module_preset=\u00a0\u00bbdefault\u00a0\u00bb global_colors_info=\u00a0\u00bb{}\u00a0\u00bb][et_pb_text _builder_version=\u00a0\u00bb4.16.1&Prime; _module_preset=\u00a0\u00bbdefault\u00a0\u00bb text_font=\u00a0\u00bbTitillium Web Regular||||||||\u00a0\u00bb text_font_size=\u00a0\u00bb20px\u00a0\u00bb text_line_height=\u00a0\u00bb24px\u00a0\u00bb header_font=\u00a0\u00bbTitillium Web SemiBold||||||||\u00a0\u00bb header_font_size=\u00a0\u00bb40px\u00a0\u00bb header_line_height=\u00a0\u00bb40px\u00a0\u00bb header_2_font=\u00a0\u00bbTitillium Web Regular||||||||\u00a0\u00bb header_2_font_size=\u00a0\u00bb24px\u00a0\u00bb header_3_font=\u00a0\u00bbTitillium Web SemiBold||||||||\u00a0\u00bb header_3_font_size=\u00a0\u00bb23px\u00a0\u00bb custom_margin=\u00a0\u00bb||52px|||\u00a0\u00bb global_colors_info=\u00a0\u00bb{}\u00a0\u00bb]<\/p>\n<h1><strong>Onnera Laundry Academy<\/strong><\/h1>\n<h3>Bienvenue dans votre espace d&rsquo;apprentissage<\/h3>\n<p>Onnera Laundry Academy a \u00e9t\u00e9 cr\u00e9\u00e9e dans le but de vous aider dans votre entreprise, en vous offrant la meilleure formation possible dans le secteur de la blanchisserie industrielle.<\/p>\n<p>Nous comptons sur l&rsquo;apport d&rsquo;experts pour apporter leurs connaissances, sur plusieurs sujets, toujours en lien avec la blanchisserie industrielle, afin que tous nos clients puissent en b\u00e9n\u00e9ficier.<\/p>\n<p>Vous trouverez ici les meilleurs cours, s\u00e9minaires et articles qui vous aideront \u00e0 mieux comprendre comment fonctionne le monde passionnant de la blanchisserie. Tous organis\u00e9s selon des niveaux et des th\u00e8mes afin que, quel que soit votre niveau de connaissances, vous puissiez acc\u00e9der \u00e0 ces cours et devenir un expert du monde de la blanchisserie. <\/p>\n<p>Chez ONNERA LAUNDRY, nous sommes convaincus qu&rsquo;une bonne formation, tant sur le mat\u00e9riel que sur le secteur, est la cl\u00e9 pour pouvoir mettre en place des blanchisseries industrielles performantes.<\/p>\n<p>[\/et_pb_text][\/et_pb_column][\/et_pb_row][et_pb_row column_structure=\u00a0\u00bb1_2,1_2&Prime; _builder_version=\u00a0\u00bb4.17.0&Prime; _module_preset=\u00a0\u00bbdefault\u00a0\u00bb min_height=\u00a0\u00bb257px\u00a0\u00bb custom_margin=\u00a0\u00bb||60px||false|false\u00a0\u00bb global_colors_info=\u00a0\u00bb{}\u00a0\u00bb][et_pb_column type=\u00a0\u00bb1_2&Prime; _builder_version=\u00a0\u00bb4.17.0&Prime; _module_preset=\u00a0\u00bbdefault\u00a0\u00bb global_colors_info=\u00a0\u00bb{}\u00a0\u00bb][et_pb_blurb title=\u00a0\u00bbNe manquez aucun de nos s\u00e9minaires en ligne\u00a0\u00bb url=\u00a0\u00bbhttps:\/\/www.onneralaundryacademy.com\/fr\/calendrier\/\u00a0\u00bb image=\u00a0\u00bbhttps:\/\/www.onneralaundryacademy.com\/wp-content\/uploads\/\/2022\/01\/icon_calendar-1.svg\u00a0\u00bb icon_placement=\u00a0\u00bbleft\u00a0\u00bb image_icon_width=\u00a0\u00bb93px\u00a0\u00bb _builder_version=\u00a0\u00bb4.17.2&Prime; _module_preset=\u00a0\u00bbdefault\u00a0\u00bb header_font=\u00a0\u00bbTitillium Web SemiBold||||||||\u00a0\u00bb header_text_color=\u00a0\u00bb#303B3F\u00a0\u00bb header_font_size=\u00a0\u00bb20px\u00a0\u00bb header_line_height=\u00a0\u00bb22px\u00a0\u00bb body_font=\u00a0\u00bbTitillium Web Regular||||||||\u00a0\u00bb body_font_size=\u00a0\u00bb16px\u00a0\u00bb body_line_height=\u00a0\u00bb20px\u00a0\u00bb custom_padding=\u00a0\u00bb|||160px|false|false\u00a0\u00bb custom_padding_tablet=\u00a0\u00bb|||0px|false|false\u00a0\u00bb custom_padding_phone=\u00a0\u00bb|||0px|false|false\u00a0\u00bb custom_padding_last_edited=\u00a0\u00bbon|tablet\u00a0\u00bb global_colors_info=\u00a0\u00bb{}\u00a0\u00bb]<\/p>\n<p>Inscrivez-vous d\u00e8s maintenant pour ne manquer aucune de nos formations. Vous aurez acc\u00e8s au calendrier avec tous nos s\u00e9minaires en ligne ou en pr\u00e9sentiel.<br \/>Dans notre section calendrier, vous pouvez voir tous les s\u00e9minaires en ligne programm\u00e9s afin que vous puissiez assister \u00e0 ceux qui vous int\u00e9ressent le plus.<\/p>\n<p>[\/et_pb_blurb][\/et_pb_column][et_pb_column type=\u00a0\u00bb1_2&Prime; _builder_version=\u00a0\u00bb4.16&Prime; _module_preset=\u00a0\u00bbdefault\u00a0\u00bb global_colors_info=\u00a0\u00bb{}\u00a0\u00bb][et_pb_blurb title=\u00a0\u00bbD\u00e9couvrez notre vid\u00e9oth\u00e8que\u00a0\u00bb image=\u00a0\u00bbhttps:\/\/www.onneralaundryacademy.com\/wp-content\/uploads\/\/2022\/01\/icon_video.svg\u00a0\u00bb icon_placement=\u00a0\u00bbleft\u00a0\u00bb image_icon_width=\u00a0\u00bb93px\u00a0\u00bb _builder_version=\u00a0\u00bb4.17.0&Prime; _module_preset=\u00a0\u00bbdefault\u00a0\u00bb header_font=\u00a0\u00bbTitillium Web SemiBold||||||||\u00a0\u00bb header_text_color=\u00a0\u00bb#303B3F\u00a0\u00bb header_font_size=\u00a0\u00bb20px\u00a0\u00bb header_line_height=\u00a0\u00bb22px\u00a0\u00bb body_font=\u00a0\u00bbTitillium Web Regular||||||||\u00a0\u00bb body_font_size=\u00a0\u00bb16px\u00a0\u00bb body_line_height=\u00a0\u00bb20px\u00a0\u00bb custom_padding=\u00a0\u00bb|160px|||false|false\u00a0\u00bb custom_padding_tablet=\u00a0\u00bb|0px|||false|false\u00a0\u00bb custom_padding_phone=\u00a0\u00bb|0px|||false|false\u00a0\u00bb custom_padding_last_edited=\u00a0\u00bbon|tablet\u00a0\u00bb global_colors_info=\u00a0\u00bb{}\u00a0\u00bb]<\/p>\n<p>Dans la section vid\u00e9oth\u00e8que, vous aurez acc\u00e8s \u00e0 toutes les vid\u00e9os de formation et vous pourrez revoir tous les s\u00e9minaires en ligne enregistr\u00e9s ou ceux que vous avez manqu\u00e9s.<\/p>\n<p>[\/et_pb_blurb][\/et_pb_column][\/et_pb_row][et_pb_row column_structure=\u00a0\u00bb1_2,1_2&Prime; _builder_version=\u00a0\u00bb4.16&Prime; _module_preset=\u00a0\u00bbdefault\u00a0\u00bb custom_margin=\u00a0\u00bb||60px||false|false\u00a0\u00bb global_colors_info=\u00a0\u00bb{}\u00a0\u00bb][et_pb_column type=\u00a0\u00bb1_2&Prime; _builder_version=\u00a0\u00bb4.16&Prime; _module_preset=\u00a0\u00bbdefault\u00a0\u00bb global_colors_info=\u00a0\u00bb{}\u00a0\u00bb][et_pb_blurb title=\u00a0\u00bbGuide de blanchisserie\u00a0\u00bb url=\u00a0\u00bbhttps:\/\/www.onneralaundryacademy.com\/fr\/guide-de-blanchisserie\/\u00a0\u00bb image=\u00a0\u00bbhttps:\/\/www.onneralaundryacademy.com\/wp-content\/uploads\/\/2022\/01\/icon_cursos.svg\u00a0\u00bb icon_placement=\u00a0\u00bbleft\u00a0\u00bb image_icon_width=\u00a0\u00bb93px\u00a0\u00bb _builder_version=\u00a0\u00bb4.17.2&Prime; _module_preset=\u00a0\u00bbdefault\u00a0\u00bb header_font=\u00a0\u00bbTitillium Web SemiBold||||||||\u00a0\u00bb header_text_color=\u00a0\u00bb#303B3F\u00a0\u00bb header_font_size=\u00a0\u00bb20px\u00a0\u00bb header_line_height=\u00a0\u00bb22px\u00a0\u00bb body_font=\u00a0\u00bbTitillium Web Regular||||||||\u00a0\u00bb body_font_size=\u00a0\u00bb16px\u00a0\u00bb body_line_height=\u00a0\u00bb20px\u00a0\u00bb custom_padding=\u00a0\u00bb|||160px|false|false\u00a0\u00bb custom_padding_tablet=\u00a0\u00bb|||0px|false|false\u00a0\u00bb custom_padding_phone=\u00a0\u00bb|||0px|false|false\u00a0\u00bb custom_padding_last_edited=\u00a0\u00bbon|tablet\u00a0\u00bb global_colors_info=\u00a0\u00bb{}\u00a0\u00bb]<\/p>\n<p>Nous mettons ce livre entre vos mains pour vous offrir une connaissance de base et de passion du monde de la blanchisserie. Et si vous avez des doutes sur une quelconque technicit\u00e9 li\u00e9e au monde de la blanchisserie, pas de probl\u00e8me, vous trouverez dans cette rubrique le glossaire le plus complet du secteur de la blanchisserie industrielle, class\u00e9 par ordre alphab\u00e9tique.<\/p>\n<p>[\/et_pb_blurb][\/et_pb_column][et_pb_column type=\u00a0\u00bb1_2&Prime; _builder_version=\u00a0\u00bb4.16&Prime; _module_preset=\u00a0\u00bbdefault\u00a0\u00bb global_colors_info=\u00a0\u00bb{}\u00a0\u00bb][et_pb_blurb title=\u00a0\u00bbBlog\u00a0\u00bb url=\u00a0\u00bbhttps:\/\/www.onneralaundryacademy.com\/fr\/blog\/\u00a0\u00bb image=\u00a0\u00bbhttps:\/\/www.onneralaundryacademy.com\/wp-content\/uploads\/\/2022\/01\/icon_webinars.svg\u00a0\u00bb icon_placement=\u00a0\u00bbleft\u00a0\u00bb image_icon_width=\u00a0\u00bb93px\u00a0\u00bb _builder_version=\u00a0\u00bb4.17.2&Prime; _module_preset=\u00a0\u00bbdefault\u00a0\u00bb header_font=\u00a0\u00bbTitillium Web SemiBold||||||||\u00a0\u00bb header_text_color=\u00a0\u00bb#303B3F\u00a0\u00bb header_font_size=\u00a0\u00bb20px\u00a0\u00bb header_line_height=\u00a0\u00bb22px\u00a0\u00bb body_font=\u00a0\u00bbTitillium Web Regular||||||||\u00a0\u00bb body_font_size=\u00a0\u00bb16px\u00a0\u00bb body_line_height=\u00a0\u00bb20px\u00a0\u00bb custom_padding=\u00a0\u00bb|160px|||false|false\u00a0\u00bb custom_padding_tablet=\u00a0\u00bb|0px|||false|false\u00a0\u00bb custom_padding_phone=\u00a0\u00bb|0px|||false|false\u00a0\u00bb custom_padding_last_edited=\u00a0\u00bbon|tablet\u00a0\u00bb global_colors_info=\u00a0\u00bb{}\u00a0\u00bb]<\/p>\n<p>Dans cette section, vous trouverez les meilleurs articles et interviews avec les derni\u00e8res nouvelles li\u00e9es \u00e0 l&rsquo;univers de la blanchisserie industrielle. Essentiel, si vous voulez \u00eatre le premier \u00e0 conna\u00eetre les derni\u00e8res technologies.<\/p>\n<p>[\/et_pb_blurb][\/et_pb_column][\/et_pb_row][et_pb_row column_structure=\u00a0\u00bb1_2,1_2&Prime; use_custom_gutter=\u00a0\u00bbon\u00a0\u00bb gutter_width=\u00a0\u00bb1&Prime; make_equal=\u00a0\u00bbon\u00a0\u00bb _builder_version=\u00a0\u00bb4.16&Prime; background_size=\u00a0\u00bbinitial\u00a0\u00bb background_position=\u00a0\u00bbtop_left\u00a0\u00bb background_repeat=\u00a0\u00bbrepeat\u00a0\u00bb width=\u00a0\u00bb100%\u00a0\u00bb max_width=\u00a0\u00bb1200px\u00a0\u00bb custom_padding=\u00a0\u00bb||52px|||\u00a0\u00bb global_colors_info=\u00a0\u00bb{}\u00a0\u00bb][et_pb_column type=\u00a0\u00bb1_2&Prime; _builder_version=\u00a0\u00bb4.16&Prime; background_color=\u00a0\u00bb#303B3F\u00a0\u00bb custom_padding=\u00a0\u00bb70px||70px||false|false\u00a0\u00bb global_colors_info=\u00a0\u00bb{}\u00a0\u00bb custom_padding__hover=\u00a0\u00bb|||\u00a0\u00bb][et_pb_text _builder_version=\u00a0\u00bb4.16&Prime; _module_preset=\u00a0\u00bbdefault\u00a0\u00bb text_font=\u00a0\u00bbTitillium Web SemiBold||||||||\u00a0\u00bb text_text_color=\u00a0\u00bb#FFFFFF\u00a0\u00bb text_font_size=\u00a0\u00bb28px\u00a0\u00bb text_line_height=\u00a0\u00bb32px\u00a0\u00bb background_layout=\u00a0\u00bbdark\u00a0\u00bb width=\u00a0\u00bb100%\u00a0\u00bb custom_padding=\u00a0\u00bb|45px|45px|45px|false|false\u00a0\u00bb global_colors_info=\u00a0\u00bb{}\u00a0\u00bb]<\/p>\n<p>Voulez-vous devenir un expert du secteur de la blanchisserie ?<\/p>\n<p>[\/et_pb_text][et_pb_text _builder_version=\u00a0\u00bb4.17.3&Prime; _module_preset=\u00a0\u00bbdefault\u00a0\u00bb text_font_size=\u00a0\u00bb16px\u00a0\u00bb text_line_height=\u00a0\u00bb20px\u00a0\u00bb background_layout=\u00a0\u00bbdark\u00a0\u00bb custom_padding=\u00a0\u00bb|45px|40px|45px|false|false\u00a0\u00bb hover_enabled=\u00a0\u00bb0&Prime; global_colors_info=\u00a0\u00bb{}\u00a0\u00bb sticky_enabled=\u00a0\u00bb0&Prime;]<\/p>\n<p>Nous avons les techniciens les plus qualifi\u00e9s du secteur qui partageront avec vous leurs meilleurs trucs et astuces. Aussi, ne soyez pas inquiet si vous n&rsquo;avez aucune connaissance pr\u00e9alable, notre formation part de z\u00e9ro pour que vous puissiez progresser \u00e0 votre rythme et selon vos besoins.<br \/>Une bonne connaissance des machines de blanchisserie et du secteur peut faire la diff\u00e9rence entre une entreprise rentable ou une entreprise en difficult\u00e9s.<br \/>Inscrivez-vous d\u00e8s maintenant <span style=\"text-decoration: underline;\"><span style=\"color: #ffffff; text-decoration: underline;\"><a style=\"color: #ffffff; text-decoration: underline;\" href=\"https:\/\/www.onneralaundryacademy.com\/fr\/inscription\/\">ici.<\/a><\/span><\/span><\/p>\n<p>Une bonne formation aide \u00e0 cr\u00e9er des blanchisseries beaucoup plus efficaces et productives.<\/p>\n<p>[\/et_pb_text][\/et_pb_column][et_pb_column type=\u00a0\u00bb1_2&Prime; _builder_version=\u00a0\u00bb4.16&Prime; background_image=\u00a0\u00bbhttps:\/\/www.onneralaundryacademy.com\/wp-content\/uploads\/2022\/01\/home_02.jpg\u00a0\u00bb custom_padding=\u00a0\u00bb|||\u00a0\u00bb global_colors_info=\u00a0\u00bb{}\u00a0\u00bb custom_padding__hover=\u00a0\u00bb|||\u00a0\u00bb][\/et_pb_column][\/et_pb_row][et_pb_row make_equal=\u00a0\u00bbon\u00a0\u00bb disabled_on=\u00a0\u00bbon|on|on\u00a0\u00bb _builder_version=\u00a0\u00bb4.16&Prime; background_size=\u00a0\u00bbinitial\u00a0\u00bb background_position=\u00a0\u00bbtop_left\u00a0\u00bb background_repeat=\u00a0\u00bbrepeat\u00a0\u00bb width=\u00a0\u00bb100%\u00a0\u00bb max_width=\u00a0\u00bb1200px\u00a0\u00bb disabled=\u00a0\u00bbon\u00a0\u00bb global_colors_info=\u00a0\u00bb{}\u00a0\u00bb][et_pb_column type=\u00a0\u00bb4_4&Prime; _builder_version=\u00a0\u00bb4.16&Prime; custom_padding=\u00a0\u00bb|||\u00a0\u00bb global_colors_info=\u00a0\u00bb{}\u00a0\u00bb custom_padding__hover=\u00a0\u00bb|||\u00a0\u00bb][et_pb_text _builder_version=\u00a0\u00bb4.16&Prime; _module_preset=\u00a0\u00bbdefault\u00a0\u00bb text_font=\u00a0\u00bbTitillium Web SemiBold||||||||\u00a0\u00bb text_font_size=\u00a0\u00bb28px\u00a0\u00bb text_line_height=\u00a0\u00bb32px\u00a0\u00bb max_width=\u00a0\u00bb949px\u00a0\u00bb module_alignment=\u00a0\u00bbcenter\u00a0\u00bb custom_margin=\u00a0\u00bb50px||10px||false|false\u00a0\u00bb custom_padding=\u00a0\u00bb||0px||false|false\u00a0\u00bb global_colors_info=\u00a0\u00bb{}\u00a0\u00bb]<\/p>\n<p style=\"text-align: center;\">\u201cGracias a los workshops de Onnera Laundry Academy he abierto mi propia lavander\u00eda autoservicio y puedo dar soporte a mis clientes.\u201d<\/p>\n<p>[\/et_pb_text][et_pb_text _builder_version=\u00a0\u00bb4.16&Prime; _module_preset=\u00a0\u00bbdefault\u00a0\u00bb text_font=\u00a0\u00bbTitillium Web Regular||||||||\u00a0\u00bb text_font_size=\u00a0\u00bb16px\u00a0\u00bb text_line_height=\u00a0\u00bb20px\u00a0\u00bb max_width=\u00a0\u00bb949px\u00a0\u00bb module_alignment=\u00a0\u00bbcenter\u00a0\u00bb custom_margin=\u00a0\u00bb0px||50px||false|false\u00a0\u00bb custom_padding=\u00a0\u00bb0px||||false|false\u00a0\u00bb global_colors_info=\u00a0\u00bb{}\u00a0\u00bb]<\/p>\n<p style=\"text-align: right;\">Juan Nadie de la Lavander\u00eda Pepito, de Huesca<\/p>\n<p>[\/et_pb_text][\/et_pb_column][\/et_pb_row][\/et_pb_section]<\/p>\n","protected":false},"excerpt":{"rendered":"<p><div class=\"et_pb_module revslider_divi revslider_divi_0\">\n\t\t\t\t\n\t\t\t\t\n\t\t\t\t\n\t\t\t\t\n\t\t\t\t\n\t\t\t\t\n\t\t\t\t<div class=\"et_pb_module_inner\">\n\t\t\t\t\t\n\t\t\t<!-- START Inicio FR REVOLUTION SLIDER 6.6.13 --><p class=\"rs-p-wp-fix\"><\/p>\n\t\t\t<rs-module-wrap id=\"rev_slider_8_1_wrapper\" data-source=\"gallery\" style=\"visibility:hidden;background:transparent;padding:0;margin:0px auto;margin-top:0;margin-bottom:0;\">\n\t\t\t\t<rs-module id=\"rev_slider_8_1\" style=\"\" data-version=\"6.6.13\">\n\t\t\t\t\t<rs-slides style=\"overflow: hidden; position: absolute;\">\n\t\t\t\t\t\t<rs-slide style=\"position: absolute;\" data-key=\"rs-25\" data-title=\"Slide\" data-thumb=\"\/\/www.onneralaundryacademy.com\/wp-content\/uploads\/2022\/05\/BANNER-PAG-PRINCIPAL-1200_450-FR-50x100.png\" data-anim=\"adpr:false;\" data-in=\"o:0;\" data-out=\"a:false;\">\n\t\t\t\t\t\t\t<img decoding=\"async\" src=\"\/\/www.onneralaundryacademy.com\/wp-content\/plugins\/revslider\/public\/assets\/assets\/dummy.png\" alt=\"\" title=\"BANNER PAG PRINCIPAL 1200_450 FR\" width=\"1200\" height=\"450\" class=\"rev-slidebg tp-rs-img rs-lazyload\" data-lazyload=\"\/\/www.onneralaundryacademy.com\/wp-content\/uploads\/2022\/05\/BANNER-PAG-PRINCIPAL-1200_450-FR.png\" data-bg=\"f:contain;\" data-no-retina>\n<!---->\t\t\t\t\t\t<\/rs-slide>\n\t\t\t\t\t\t<rs-slide style=\"position: absolute;\" data-key=\"rs-26\" data-title=\"Slide\" data-thumb=\"\/\/www.onneralaundryacademy.com\/wp-content\/uploads\/2022\/01\/home_slide_02-50x100.jpg\" data-anim=\"adpr:false;\" data-in=\"o:0;\" data-out=\"a:false;\">\n\t\t\t\t\t\t\t<img decoding=\"async\" src=\"\/\/www.onneralaundryacademy.com\/wp-content\/plugins\/revslider\/public\/assets\/assets\/dummy.png\" alt=\"\" title=\"home_slide_02\" width=\"800\" height=\"300\" class=\"rev-slidebg tp-rs-img rs-lazyload\" data-lazyload=\"\/\/www.onneralaundryacademy.com\/wp-content\/uploads\/2022\/01\/home_slide_02.jpg\" data-bg=\"f:contain;\" data-no-retina>\n<!---->\t\t\t\t\t\t<\/rs-slide>\n\t\t\t\t\t\t<rs-slide style=\"position: absolute;\" data-key=\"rs-27\" data-title=\"Slide\" data-thumb=\"\/\/www.onneralaundryacademy.com\/wp-content\/uploads\/2022\/03\/HOTEL-BANNER-50x100.png\" data-anim=\"adpr:false;\" data-in=\"o:0;\" data-out=\"a:false;\">\n\t\t\t\t\t\t\t<img decoding=\"async\" src=\"\/\/www.onneralaundryacademy.com\/wp-content\/plugins\/revslider\/public\/assets\/assets\/dummy.png\" alt=\"\" title=\"HOTEL BANNER\" width=\"1200\" height=\"450\" class=\"rev-slidebg tp-rs-img rs-lazyload\" data-lazyload=\"\/\/www.onneralaundryacademy.com\/wp-content\/uploads\/2022\/03\/HOTEL-BANNER.png\" data-bg=\"f:contain;\" data-no-retina>\n<!---->\t\t\t\t\t\t<\/rs-slide>\n\t\t\t\t\t<\/rs-slides>\n\t\t\t\t\t<rs-static-layers><!--\n\t\t\t\t\t--><\/rs-static-layers>\n\t\t\t\t<\/rs-module>\n\t\t\t\t<script>\n\t\t\t\t\tsetREVStartSize({c: 'rev_slider_8_1',rl:[1240,1024,778,480],el:[450],gw:[1200],gh:[450],type:'standard',justify:'',layout:'fullwidth',mh:\"0\"});if (window.RS_MODULES!==undefined && window.RS_MODULES.modules!==undefined && window.RS_MODULES.modules[\"revslider81\"]!==undefined) {window.RS_MODULES.modules[\"revslider81\"].once = false;window.revapi8 = undefined;if (window.RS_MODULES.checkMinimal!==undefined) window.RS_MODULES.checkMinimal()}\n\t\t\t\t<\/script>\n\t\t\t<\/rs-module-wrap>\n\t\t\t<!-- END REVOLUTION SLIDER -->\n\n\t\t\t\t<\/div>\n\t\t\t<\/div>Onnera Laundry Academy Bienvenue dans votre espace d&rsquo;apprentissage Onnera Laundry Academy a \u00e9t\u00e9 cr\u00e9\u00e9e dans le but de vous aider dans votre entreprise, en vous offrant la meilleure formation possible dans le secteur de la blanchisserie industrielle. Nous comptons sur l&rsquo;apport d&rsquo;experts pour apporter leurs connaissances, sur plusieurs [&hellip;]<\/p>\n","protected":false},"author":19,"featured_media":0,"parent":0,"menu_order":1,"comment_status":"closed","ping_status":"closed","template":"","meta":{"_acf_changed":false,"_et_pb_use_builder":"on","_et_pb_old_content":"<!-- wp:paragraph -->\r\n<p>Esta es una p\u00e1gina de ejemplo. Es diferente a una entrada del blog porque permanecer\u00e1 en un solo lugar y aparecer\u00e1 en la navegaci\u00f3n de tu sitio (en la mayor\u00eda de los temas). La mayor\u00eda de las personas comienzan con una p\u00e1gina \u00abAcerca de\u00bb que les presenta a los visitantes potenciales del sitio. Podr\u00edas decir algo as\u00ed:<\/p>\r\n<!-- \/wp:paragraph --><!-- wp:quote -->\r\n<blockquote class=\"wp-block-quote\">\r\n<p>\u00a1Bienvenido! Soy camarero de d\u00eda, aspirante a actor de noche y esta es mi web. Vivo en Mairena del Alcor, tengo un perro que se llama Firulais y me gusta el rebujito. (Y las tardes largas con caf\u00e9).<\/p>\r\n<\/blockquote>\r\n<!-- \/wp:quote --><!-- wp:paragraph -->\r\n<p>\u2026o algo as\u00ed:<\/p>\r\n<!-- \/wp:paragraph --><!-- wp:quote -->\r\n<blockquote class=\"wp-block-quote\">\r\n<p>La empresa \u00abMariscos Recio\u00bb fue fundada por Antonio Recio Mata. Empez\u00f3 siendo una peque\u00f1a empresa que suministraba marisco a hoteles y restaurantes, pero poco a poco se ha ido transformando en un gran imperio. Mariscos Recio, el mar al mejor precio.<\/p>\r\n<\/blockquote>\r\n<!-- \/wp:quote --><!-- wp:paragraph -->\r\n<p>Como nuevo usuario de WordPress, deber\u00edas ir a <a href=\"https:\/\/www.onneralaundryacademy.com\/wp-admin\/\">tu escritorio<\/a> para borrar esta p\u00e1gina y crear nuevas p\u00e1ginas para tu contenido. \u00a1P\u00e1salo bien!<\/p>\r\n<!-- \/wp:paragraph -->","_et_gb_content_width":"","inline_featured_image":false,"footnotes":""},"class_list":["post-1567","page","type-page","status-publish","hentry"],"acf":[],"_links":{"self":[{"href":"https:\/\/www.onneralaundryacademy.com\/fr\/wp-json\/wp\/v2\/pages\/1567","targetHints":{"allow":["GET"]}}],"collection":[{"href":"https:\/\/www.onneralaundryacademy.com\/fr\/wp-json\/wp\/v2\/pages"}],"about":[{"href":"https:\/\/www.onneralaundryacademy.com\/fr\/wp-json\/wp\/v2\/types\/page"}],"author":[{"embeddable":true,"href":"https:\/\/www.onneralaundryacademy.com\/fr\/wp-json\/wp\/v2\/users\/19"}],"replies":[{"embeddable":true,"href":"https:\/\/www.onneralaundryacademy.com\/fr\/wp-json\/wp\/v2\/comments?post=1567"}],"version-history":[{"count":39,"href":"https:\/\/www.onneralaundryacademy.com\/fr\/wp-json\/wp\/v2\/pages\/1567\/revisions"}],"predecessor-version":[{"id":2557,"href":"https:\/\/www.onneralaundryacademy.com\/fr\/wp-json\/wp\/v2\/pages\/1567\/revisions\/2557"}],"wp:attachment":[{"href":"https:\/\/www.onneralaundryacademy.com\/fr\/wp-json\/wp\/v2\/media?parent=1567"}],"curies":[{"name":"wp","href":"https:\/\/api.w.org\/{rel}","templated":true}]}}