{"id":1202,"date":"2022-03-31T09:37:43","date_gmt":"2022-03-31T09:37:43","guid":{"rendered":"https:\/\/www.onneralaundryacademy.com\/cookies-policy\/"},"modified":"2022-04-12T16:11:39","modified_gmt":"2022-04-12T16:11:39","slug":"cookies-policy","status":"publish","type":"page","link":"https:\/\/www.onneralaundryacademy.com\/en\/cookies-policy\/","title":{"rendered":"Cookies policy"},"content":{"rendered":"<p>[et_pb_section fb_built=&#8221;1&#8243; _builder_version=&#8221;4.15&#8243; global_colors_info=&#8221;{}&#8221;][et_pb_row _builder_version=&#8221;4.15&#8243; _module_preset=&#8221;default&#8221; min_height=&#8221;263.8px&#8221; global_colors_info=&#8221;{}&#8221;][et_pb_column type=&#8221;4_4&#8243; _builder_version=&#8221;4.15&#8243; _module_preset=&#8221;default&#8221; global_colors_info=&#8221;{}&#8221;][et_pb_text _builder_version=&#8221;4.15.1&#8243; _module_preset=&#8221;default&#8221; custom_margin=&#8221;||52px|||&#8221; global_colors_info=&#8221;{}&#8221;]<\/p>\n<h1><strong>Cookies policy<\/strong><\/h1>\n<p>&nbsp;<\/p>\n<p><strong>Informaci\u00f3n General<\/strong><\/p>\n<p>La presente pol\u00edtica de cookies tiene por finalidad informarle de manera clara y precisa sobre las cookies que se utilizan en la web de ONNERA LAUNDRY BARCELONA S.A. (en adelante, la \u201cWeb\u201d).<\/p>\n<p>Una cookie es un archivo o fichero que al acceder a una p\u00e1gina web se descarga en el dispositivo (Ordenador, Tablet, Smartphone, etc.) del Usuario con la finalidad de registrar, almacenar, recuperar, actualizar o guardar datos e informaci\u00f3n sobre la navegaci\u00f3n que se efect\u00faa desde dicho dispositivo. Las cookies permiten al responsable del sitio web conocer y recordar las preferencias de los usuarios al navegar por su sitio web y personalizar los servicios ofrecidos en base a esas preferencias.<\/p>\n<p>ONNERA LAUNDRY BARCELONA S.A.. utiliza cookies al objeto de recuperar informaci\u00f3n y de esta forma ofrecer al Usuario una navegaci\u00f3n m\u00e1s \u00e1gil y sencilla evitando solicitar datos que este ya suministr\u00f3 anteriormente. Asimismo, ONNERA LAUNDRY BARCELONA S.A.. utiliza cookies para analizar el comportamiento de los Usuarios al navegar en la Web, resultando una herramienta muy eficaz para valorar el funcionamiento de la p\u00e1gina Web, medir la audiencia y par\u00e1metros del tr\u00e1fico, controlar el progreso, n\u00famero de entradas e introducir mejoras en la misma.<\/p>\n<p>&nbsp;<\/p>\n<p><strong>Protecci\u00f3n de Datos<\/strong><\/p>\n<p>Al navegar y continuar en la Web, el Usuario consiente el uso de las Cookies abajo enunciadas, en las condiciones contenidas en la presente Pol\u00edtica de Cookies. El Usuario puede obtener m\u00e1s informaci\u00f3n sobre ONNERA LAUNDRY BARCELONA S.A.. a trav\u00e9s de nuestro Aviso Legal y Pol\u00edtica de Privacidad.<\/p>\n<p>Asimismo, se informa al Usuario que el responsable de los datos de car\u00e1cter personal que se pudieran recabar durante la navegaci\u00f3n en la Web, es ONNERA LAUNDRY BARCELONA S.A&#8230; Podr\u00e1 obtener mayor informaci\u00f3n sobre nuestra (Pol\u00edtica de Privacidad aqu\u00ed).<\/p>\n<p>&nbsp;<\/p>\n<p><strong>Tipos de Cookies<\/strong><\/p>\n<p>Entre otras clasificaciones, las cookies pueden clasificarse en funci\u00f3n de la entidad que las gestione (propias o de un tercero), seg\u00fan el plazo de tiempo que permanecen activadas (de sesi\u00f3n o persistentes) o conforme a su finalidad (t\u00e9cnicas, de personalizaci\u00f3n, de an\u00e1lisis o publicitarias entre otras).<\/p>\n<p>Las cookies utilizadas en este sitio web tienen, en todo caso, car\u00e1cter temporal con la \u00fanica finalidad de hacer m\u00e1s eficaz su transmisi\u00f3n ulterior y se asocian \u00fanicamente con un Usuario an\u00f3nimo y su ordenador. En ning\u00fan caso se utilizar\u00e1n las cookies para recoger informaci\u00f3n de car\u00e1cter personal.<\/p>\n<p>ONNERA LAUNDRY BARCELONA S.A.. utiliza las cookies para obtener informaci\u00f3n que considera de gran utilidad. El tipo de cookies que utiliza y la informaci\u00f3n que obtiene con cada una queda detallado a continuaci\u00f3n en el siguiente cuadro:<\/p>\n<p>Tipos de cookies Finalidad<\/p>\n<p>Cookies Propias<\/p>\n<p>Cookies de sesi\u00f3n: Son cookies temporales que no se almacenan en el dispositivo del usuario, sino que desaparecen cuando finaliza la sesi\u00f3n. La informaci\u00f3n obtenida por medio de estas cookies, sirven para analizar pautas de tr\u00e1fico en la web y proporcionarle los servicios que ofrecemos a trav\u00e9s de la misma.<\/p>\n<p>Nombre de cookie: cb-enabled: enabled: Se usa para detectar si el usuario ha aceptado la pol\u00edtica de cookies de la web, tiene una duraci\u00f3n de 1 a\u00f1o desde el \u00faltimo acceso.<\/p>\n<p>Cookies de Terceros<\/p>\n<p>Google Analytics<br \/>Nombre de cookie: _ga: Se usa para distinguir a los usuarios y tienen una duraci\u00f3n de 2 a\u00f1os<br \/>Nombre de cookie: _gid: Se usa para distinguir a los usuarios y tienen una duraci\u00f3n de 24 horas<br \/>Nombre de cookie: _gat: Se usa para limitar el porcentaje de solicitudes y tienen una duraci\u00f3n de 10 minutos<\/p>\n<p>Desde la configuraci\u00f3n del navegador que est\u00e9 utilizando para la navegaci\u00f3n, el Usuario podr\u00e1 seleccionar qu\u00e9 cookies acepta y cuales rechaza.<\/p>\n<p>El Usuario ha de tener en consideraci\u00f3n que, en caso de deshabilitar las cookies podr\u00eda tener problemas en el acceso y navegaci\u00f3n en la web.<\/p>\n<p><strong>Gesti\u00f3n y bloqueo de las Cookies<\/strong><\/p>\n<p>El Usuario tiene la posibilidad de configurar el navegador de su ordenador de acuerdo a sus necesidades personales, de manera que pueda advertir de la recepci\u00f3n de cookies e impedir la instalaci\u00f3n de las mismas en el disco duro.<\/p>\n<p>El Usuario podr\u00e1 rechazar el tratamiento de los datos o la informaci\u00f3n rechazando el uso de cookies mediante la selecci\u00f3n de la configuraci\u00f3n apropiada de su navegador, sin embargo, el Usuario debe saber que si lo hace, es posible que no pueda disponer de la plena funcionalidad de este sitio web. Por favor, consulte las instrucciones y manuales de su navegador para ampliar esta informaci\u00f3n.<\/p>\n<p>Si desea eliminar las cookies que ya est\u00e9n establecidas en su terminal, puede hacerlo desde su navegador. Puede encontrar la manera de hacerlo dirigi\u00e9ndose al men\u00fa de ayuda de su navegador d\u00f3nde vienen establecidos los pasos para proceder con su eliminaci\u00f3n. Para m\u00e1s informaci\u00f3n:<\/p>\n<p>Chrome: <a href=\"http:\/\/support.google.com\/chrome\/bin\/answer.py?hl=es&amp;answer=95647\" target=\"_blank\" rel=\"noopener\">http:\/\/support.google.com\/chrome\/bin\/answer.py?hl=es&amp;answer=95647<\/a><\/p>\n<p>Explorer: <a href=\"http:\/\/windows.microsoft.com\/es-es\/windows7\/how-to-manage-cookies-in-internet-explorer-9\" target=\"_blank\" rel=\"noopener\">http:\/\/windows.microsoft.com\/es-es\/windows7\/how-to-manage-cookies-in-internet-explorer-9<\/a><\/p>\n<p>Firefox: <a href=\"http:\/\/support.mozilla.org\/es\/kb\/habilitar-y-deshabilitar-cookies-que-los-sitios-web\" target=\"_blank\" rel=\"noopener\">http:\/\/support.mozilla.org\/es\/kb\/habilitar-y-deshabilitar-cookies-que-los-sitios-web<\/a><\/p>\n<p>Safari: <a href=\"http:\/\/support.apple.com\/kb\/ph5042\" target=\"_blank\" rel=\"noopener\">http:\/\/support.apple.com\/kb\/ph5042<\/a><\/p>\n<p>ONNERA LAUNDRY BARCELONA S.A.. no se hace responsable del contenido y veracidad de las pol\u00edticas de privacidad de los terceros incluidas en esta pol\u00edtica de cookies.<\/p>\n<p>Sin perjuicio del consentimiento expreso que el Usuario hubiera prestado al acceder a la Web, el uso de la misma supone el consentimiento del Usuario a la instalaci\u00f3n y uso de Cookies en los t\u00e9rminos aqu\u00ed expuestos.<\/p>\n<p>Si tiene dudas sobre esta pol\u00edtica de cookies, puede contactar con ONNERA LAUNDRY BARCELONA S.A.. en info@danube-international.com<\/p>\n<p>El Usuario podr\u00e1 encontrar mayor informaci\u00f3n acerca del funcionamiento de las cookies, as\u00ed como la forma de eliminarlas, en los siguientes enlaces:<\/p>\n<p><a href=\"http:\/\/www.aboutcookies.org\" target=\"_blank\" rel=\"noopener\">www.aboutcookies.org<\/a><\/p>\n<p><a href=\"http:\/\/www.allaboutcookies.org\" target=\"_blank\" rel=\"noopener\">www.allaboutcookies.org<\/a><\/p>\n<p>Por otra parte, si quieres no ser rastreado por Google Analytics a trav\u00e9s de todas las p\u00e1ginas web, ve al siguiente link: <a href=\"http:\/\/tools.google.com\/dlpage\/gaoptout\" target=\"_blank\" rel=\"noopener\">http:\/\/tools.google.com\/dlpage\/gaoptout<\/a><\/p>\n<p>&nbsp;<\/p>\n<p>[\/et_pb_text][\/et_pb_column][\/et_pb_row][\/et_pb_section]<\/p>\n","protected":false},"excerpt":{"rendered":"<p>Cookies policy &nbsp; Informaci\u00f3n General La presente pol\u00edtica de cookies tiene por finalidad informarle de manera clara y precisa sobre las cookies que se utilizan en la web de ONNERA LAUNDRY BARCELONA S.A. (en adelante, la \u201cWeb\u201d). Una cookie es un archivo o fichero que al acceder a una p\u00e1gina web se descarga en el [&hellip;]<\/p>\n","protected":false},"author":19,"featured_media":0,"parent":0,"menu_order":100,"comment_status":"closed","ping_status":"closed","template":"","meta":{"_acf_changed":false,"_et_pb_use_builder":"on","_et_pb_old_content":"","_et_gb_content_width":"","inline_featured_image":false,"footnotes":""},"class_list":["post-1202","page","type-page","status-publish","hentry"],"acf":[],"_links":{"self":[{"href":"https:\/\/www.onneralaundryacademy.com\/en\/wp-json\/wp\/v2\/pages\/1202","targetHints":{"allow":["GET"]}}],"collection":[{"href":"https:\/\/www.onneralaundryacademy.com\/en\/wp-json\/wp\/v2\/pages"}],"about":[{"href":"https:\/\/www.onneralaundryacademy.com\/en\/wp-json\/wp\/v2\/types\/page"}],"author":[{"embeddable":true,"href":"https:\/\/www.onneralaundryacademy.com\/en\/wp-json\/wp\/v2\/users\/19"}],"replies":[{"embeddable":true,"href":"https:\/\/www.onneralaundryacademy.com\/en\/wp-json\/wp\/v2\/comments?post=1202"}],"version-history":[{"count":5,"href":"https:\/\/www.onneralaundryacademy.com\/en\/wp-json\/wp\/v2\/pages\/1202\/revisions"}],"predecessor-version":[{"id":1674,"href":"https:\/\/www.onneralaundryacademy.com\/en\/wp-json\/wp\/v2\/pages\/1202\/revisions\/1674"}],"wp:attachment":[{"href":"https:\/\/www.onneralaundryacademy.com\/en\/wp-json\/wp\/v2\/media?parent=1202"}],"curies":[{"name":"wp","href":"https:\/\/api.w.org\/{rel}","templated":true}]}}